{"id":85,"date":"2024-10-22T13:21:42","date_gmt":"2024-10-22T11:21:42","guid":{"rendered":"https:\/\/autoloc-caraibes.com\/?page_id=85"},"modified":"2024-10-22T13:51:01","modified_gmt":"2024-10-22T11:51:01","slug":"nos-vehicules","status":"publish","type":"page","link":"https:\/\/autoloc-caraibes.com\/index.php\/nos-vehicules\/","title":{"rendered":"Nos V\u00e9hicules"},"content":{"rendered":"\n<ul class=\"wp-block-list\">\n<li><a href=\"https:\/\/autoloc.mq\/recherche\">Kia Picanto<\/a><\/li>\n<\/ul>\n\n\n\n<p>Cette petite citadine id\u00e9ale pour sillonner les routes de l&rsquo;\u00eele, en couple ou \u00e0 4 pour un confort optimal!5Places ( 4 Personnes conseill\u00e9 ), Climatisation , Bluetooth, Moteur 85CV Essence &#8230;<\/p>\n\n\n\n<ul class=\"wp-block-list\">\n<li><a href=\"https:\/\/autoloc.mq\/recherche\">Ford Ka+<\/a><\/li>\n<\/ul>\n\n\n\n<p>Elle a tout d&rsquo;une grande .. Citadine+ , plus grande , plus haute , id\u00e9ale pour une famille avec 2 adolescents.5 Places, Climatisation , Bluetooth , Moteur 85CV Essence &#8230;<\/p>\n\n\n\n<ul class=\"wp-block-list\">\n<li><a href=\"https:\/\/autoloc.mq\/recherche\">Dacia Sandero<\/a><\/li>\n<\/ul>\n\n\n\n<p>Nouvelle DACIA SANDERO Puissance, confort de conduite, moteur 90 cv, APPLE CARPLAY, tablette tactile, Radar de recul, Climatisation, Phares Automatique. Id\u00e9ale pour les routes de notre belle Martinique.<\/p>\n\n\n\n<ul class=\"wp-block-list\">\n<li><a href=\"https:\/\/autoloc.mq\/recherche\">Renault Clio5<\/a><\/li>\n<\/ul>\n\n\n\n<p>L &lsquo;incontournable de vos vacances, avec sa motorisation de 90CV, aucun des mornes de la Martinique ne lui r\u00e9sisterons. 5 Places, GPS, Radar de recul ,Freinage Actif pour encore plus de securit\u00e9 ,Bluetooth, Climatisation &#8230; <\/p>\n\n\n\n<ul class=\"wp-block-list\">\n<li><a href=\"https:\/\/autoloc.mq\/recherche\">Seat Arona<\/a><\/li>\n<\/ul>\n\n\n\n<p>Ce SUV saura vous s\u00e9duire, et se distingue par une belle habitabilit\u00e9, modulable \u00e0 souhait pour vos bagages, il saura sortir des sentiers battus et vous garantir confortabilit\u00e9 et robustesse. Climatisation , Phares automatique, Freinage actif, Bluetooth &#8230;<\/p>\n\n\n\n<ul class=\"wp-block-list\">\n<li><a href=\"https:\/\/autoloc.mq\/recherche\">Dacia Duster<\/a><\/li>\n<\/ul>\n\n\n\n<p>Le mod\u00e8le phare pour Sillonner en famille toutes les routes de Martinique , de Sainte Anne a Grand Riviere , rien ne l\u2019arr\u00eate. Grand Coffre , Moteur essence avec une boite Manuelle bien \u00e9tag\u00e9 pour les Mornes, Radar de recul , Climatisation , Bluetooth &#8230;<\/p>\n\n\n\n<p> <\/p>\n\n\n\n<ul class=\"wp-block-list\">\n<li><a href=\"https:\/\/autoloc.mq\/recherche\">Dacia Jogger 7 Places<\/a><\/li>\n<\/ul>\n\n\n\n<p>Grande Famille , A plusieurs amis , Besoin d&rsquo;un coffre d\u00e9mesur\u00e9 , Configurable de 5 a 7 Places ( la taille du coffre d\u00e9pendra du nombre de places souhait\u00e9es , attention a 7 ! Plus rien ne vous arr\u00eate. Climatisation, Camera de recul , recopie \u00e9cran Smartphone , Bluetooth , Moteur 110CV Essence &#8230; <\/p>\n\n\n\n<p><\/p>\n","protected":false},"excerpt":{"rendered":"<p>Cette petite citadine id\u00e9ale pour sillonner les routes de l&rsquo;\u00eele, en couple ou \u00e0 4 pour un confort optimal!5Places ( 4 Personnes conseill\u00e9 ), Climatisation , Bluetooth, Moteur 85CV Essence &#8230; Elle a tout d&rsquo;une grande .. Citadine+ , plus grande , plus haute , id\u00e9ale pour une famille avec 2 adolescents.5 Places, Climatisation , [&hellip;]<\/p>\n","protected":false},"author":1,"featured_media":0,"parent":0,"menu_order":0,"comment_status":"closed","ping_status":"closed","template":"","meta":{"footnotes":""},"class_list":["post-85","page","type-page","status-publish","hentry"],"_links":{"self":[{"href":"https:\/\/autoloc-caraibes.com\/index.php\/wp-json\/wp\/v2\/pages\/85","targetHints":{"allow":["GET"]}}],"collection":[{"href":"https:\/\/autoloc-caraibes.com\/index.php\/wp-json\/wp\/v2\/pages"}],"about":[{"href":"https:\/\/autoloc-caraibes.com\/index.php\/wp-json\/wp\/v2\/types\/page"}],"author":[{"embeddable":true,"href":"https:\/\/autoloc-caraibes.com\/index.php\/wp-json\/wp\/v2\/users\/1"}],"replies":[{"embeddable":true,"href":"https:\/\/autoloc-caraibes.com\/index.php\/wp-json\/wp\/v2\/comments?post=85"}],"version-history":[{"count":5,"href":"https:\/\/autoloc-caraibes.com\/index.php\/wp-json\/wp\/v2\/pages\/85\/revisions"}],"predecessor-version":[{"id":93,"href":"https:\/\/autoloc-caraibes.com\/index.php\/wp-json\/wp\/v2\/pages\/85\/revisions\/93"}],"wp:attachment":[{"href":"https:\/\/autoloc-caraibes.com\/index.php\/wp-json\/wp\/v2\/media?parent=85"}],"curies":[{"name":"wp","href":"https:\/\/api.w.org\/{rel}","templated":true}]}}