{"id":77,"date":"2024-10-22T13:07:30","date_gmt":"2024-10-22T11:07:30","guid":{"rendered":"https:\/\/autoloc-caraibes.com\/?page_id=77"},"modified":"2024-11-15T15:27:56","modified_gmt":"2024-11-15T14:27:56","slug":"infos-pratiques","status":"publish","type":"page","link":"https:\/\/autoloc-caraibes.com\/index.php\/infos-pratiques\/","title":{"rendered":"Infos pratiques"},"content":{"rendered":"\n<p>Louer pas cher une voiture en Martinique en toute simplicit\u00e9 !<\/p>\n\n\n\n<p>Passez par Autoloc pour la location de votre voiture pas ch\u00e8re en Martinique ! Profitez de cette fa\u00e7on des tarifs parmi les moins chers de location ind\u00e9pendantes partout sur l&rsquo;\u00eele de la Martinique. <a href=\"http:\/\/www.autoloc.mq\">Autoloc<\/a> vous permet de consulter les disponibilit\u00e9s , et de r\u00e9server en ligne votre location de voiture pas cher et sans interm\u00e9diaire. <strong>R\u00e9servez facilement et pas cher votre voiture de tourisme en Martinique !<\/strong><\/p>\n\n\n\n<h2 class=\"wp-block-heading\">Besoin d&rsquo;une voiture de location en Martinique ?<\/h2>\n\n\n\n<p><a rel=\"noreferrer noopener\" href=\"http:\/\/www.autoloc.mq\" target=\"_blank\">http:\/\/www.autoloc.mq<\/a><\/p>\n\n\n\n<p><\/p>\n\n\n\n<p>Si vous atterrissez \u00e0 l&rsquo;<strong><a href=\"https:\/\/autoloc.mq\/\">a\u00e9roport Aim\u00e9 C\u00e9saire<\/a><\/strong> et que vous souhaitez une<strong> voiture d\u00e8s votre sortie de l&rsquo;avion<\/strong> deux choix s&rsquo;offrent \u00e0 vous :<\/p>\n\n\n\n<ul class=\"wp-block-list\">\n<li><strong>Passer par une agence de location d&rsquo;auto traditionnelle<\/strong>. Lors des p\u00e9riodes de pointe, l&rsquo;attente aux comptoirs peut \u00eatre tr\u00e8s longue apr\u00e8s une dizaine d&rsquo;heures pass\u00e9es dans l&rsquo;avion.<\/li>\n\n\n\n<li><strong>Passer par <a href=\"http:\/\/www.autoloc.mq\">AUTOLOC <\/a><\/strong>:  <strong>moins cher<\/strong> que les agences traditionnelles, l&rsquo;accueil est personnalis\u00e9. Votre voiture vous attend a la sortie de l&rsquo;a\u00e9roport , le contrat et \u00e9tat des lieux digital est fait en quelques minutes, \u00e0 vous les vacances.<\/li>\n<\/ul>\n\n\n\n<h3 class=\"wp-block-heading\">D\u00e9couvrez l&rsquo;\u00eele de la Martinique !<\/h3>\n\n\n\n<p>Les routes martiniquaises sont souvent sinueuses \u00e0 cause du relief volcanique de l&rsquo;\u00eele, il faut donc y \u00eatre prudent, surtout en cas de pluie. <\/p>\n\n\n\n<figure class=\"wp-block-table\"><table class=\"has-fixed-layout\"><tbody><tr><td><img loading=\"lazy\" decoding=\"async\" width=\"364\" height=\"277\" src=\"https:\/\/www.rentiles.fr\/client\/cache\/_webp\/imagemanager\/364_277_1527774531_80_martinique.webp\" alt=\"Martinique\"><\/td><td>Dans les petites Antilles, entre oc\u00e9an Atlantique et mer Cara\u00efbes, la Martinique est une \u00eele reconnue pour la beaut\u00e9 de ses paysages, ses plages et sa chaleur typiquement cr\u00e9ole !<\/td><\/tr><\/tbody><\/table><\/figure>\n\n\n\n<p><strong>Louer un SUV pour visiter la Martinique<\/strong><br>Louer un SUV en Martinique permet de braver toutes les routes pour arriver vers des destinations authentiques qui font tout le charme de l\u00b4\u00eele.<\/p>\n\n\n\n<h2 class=\"wp-block-heading\">Pourquoi louer un SUV en Martinique ?&nbsp;<\/h2>\n\n\n\n<p>Miser sur la <a href=\"https:\/\/autoloc.mq\/\">location de v\u00e9hicule en Martinique<\/a> permet de r\u00e9duire consid\u00e9rablement les co\u00fbts et les d\u00e9penses de vos vacances. Visiter la Martinique \u00e0 bord d\u2019une auto au kilom\u00e9trage illimit\u00e9, d\u00e8s l\u2019atterrissage \u00e0 l\u2019a\u00e9roport permettra d\u2019appr\u00e9cier la beaut\u00e9 des paysages de cette \u00eele des Antilles. Tous ses sites naturels sont explorables gr\u00e2ce \u00e0 une location de voitures : SUV, monospace, citadine ou petite citadine, vous aurez droit \u00e0 une<a href=\"https:\/\/autoloc.mq\/location-voitures\"> large gamme de v\u00e9hicules<\/a>.<\/p>\n\n\n\n<h2 class=\"wp-block-heading\">Quels sont les divers moyens de locomotion en Martinique ?<\/h2>\n\n\n\n<p>Sachez qu\u2019il est tout \u00e0 fait possible de visiter la Martinique en misant sur les divers transports sur place. G\u00e9n\u00e9ralement, vous pouvez compter sur les transports en commun, les taxis classiques ou les taxis collectifs et surtout les bateaux. Les martiniquais sont des adeptes du stop pour pouvoir se d\u00e9placer facilement dans toute l\u2019\u00eele. En ce qui concerne les transports en communs, ils sont assez d\u00e9suets. Il n\u2019y a que quelques lignes qui relient la capitale \u00e0 la banlieue.<\/p>\n\n\n\n<p>Pour aller de commune en commune, les taxis collectifs sont tr\u00e8s pris\u00e9s mais l\u2019attente est assez longue surtout les weekends. Pour les taxis, les frais peuvent \u00eatre cons\u00e9quents si le trajet est long donc il faudra faire attention au prix convenu \u00e0 l\u2019avance avec le conducteur.<\/p>\n\n\n\n<p><\/p>\n\n\n\n<p>Essayez d&rsquo;\u00e9viter les abords de <a href=\"https:\/\/www.rentiles.fr\/martinique-fort-de-france.html\">Fort-de-France<\/a> t\u00f4t le matin et en fin d&rsquo;apr\u00e8s-midi pour \u00e9viter les embouteillages.<\/p>\n\n\n\n<p><\/p>\n\n\n\n<p><strong>Pour une v\u00e9ritable visite de la Martinique :<\/strong><\/p>\n\n\n\n<p>Depuis de nombreuses ann\u00e9es, Autoloc est un loueur de voitures sp\u00e9cialis\u00e9 dans le tourisme en Martinique. Nous vous aideront \u00e0 d\u00e9couvrir nos offres de location qui vous permettront d\u2019organiser votre voyage. Avec la location de voiture de l\u2019a\u00e9roport de Martinique (situ\u00e9 au Sud de Fort-de-France), vous pourrez d\u00e9buter votre voyage sans compter les kilom\u00e8tres. Une location de voiture pas cher est le premier ingr\u00e9dient pour un s\u00e9jour en Martinique r\u00e9ussi.<br>R\u00e9cup\u00e9rez votre voiture de location sur le Parking de l\u2019a\u00e9roport ( sans navette ni file d&rsquo;attente ) , a la Marina du Marin si vous revenez de croisi\u00e8re, ou dans votre villa.<\/p>\n\n\n\n<p>Autoloc , Location de voiture en Martinique , not\u00e9 5\/5 Avis google<\/p>\n\n\n\n<p><\/p>\n\n\n\n<p><strong>Conseils en stationnement<\/strong><\/p>\n\n\n\n<ul class=\"wp-block-list\">\n<li>Pr\u00e9f\u00e9rez le stationnement en parking surveill\u00e9<\/li>\n\n\n\n<li>N&rsquo;oubliez pas de fermer les fen\u00eatres<\/li>\n\n\n\n<li>Assurez vous d&rsquo;avoir ferm\u00e9 \u00e0 cl\u00e9 les portes et le coffre<\/li>\n\n\n\n<li>Ne laissez aucun objet apparent dans la voiture (sac, cl\u00e9s, Gps&#8230;)<\/li>\n\n\n\n<li>Veillez \u00e0 ne pas vous garer sous les cocotiers. La chute de noix de coco pourrait vous blesser ou encore endommager le v\u00e9hicule!<\/li>\n<\/ul>\n\n\n\n<p><strong>Conseils \u00e0 la plage<\/strong><\/p>\n\n\n\n<ul class=\"wp-block-list\">\n<li>Ne vous baignez pas avec les cl\u00e9s dans vos poches, vous risquez de les perdre ou de les endommager et ainsi de ne pas pouvoir red\u00e9marrer votre v\u00e9hicule<\/li>\n\n\n\n<li>\u00c9vitez de laisser votre sac apparent sur votre serviette afin de ne pas tenter les \u00e9ventuels pickpockets !<\/li>\n<\/ul>\n\n\n\n<p><strong>Infos pratiques Autoloc &#8211; Location de voiture pas cher en Martinique<\/strong><\/p>\n\n\n\n<p>Pr\u00e9requis et informations :<\/p>\n\n\n\n<ul class=\"wp-block-list\">\n<li>Avoir au moins 23 ans<\/li>\n\n\n\n<li>\u00catre titulaire du permis depuis minimum 3 ans<\/li>\n\n\n\n<li>Dur\u00e9e de location 5 jours minimum<\/li>\n\n\n\n<li>Le paiement de la location s&rsquo;effectue au d\u00e9part du v\u00e9hicule<\/li>\n\n\n\n<li>Kilom\u00e9trage Illimit\u00e9<\/li>\n\n\n\n<li>Assurance tous risques avec franchises ( 1000\u20ac ) <\/li>\n\n\n\n<li>Pour tout paiement avec les cartes Visa Premier et GOLD Mastercard, Infinite inutile de souscrire le rachat partiel de franchise car prise en charge par votre r\u00e9seau carte. Caution par empreinte CB uniquement, Pensez a augmenter le Plafond de votre carte.<\/li>\n\n\n\n<li>Possibilit\u00e9 d&rsquo;inclure jusqu\u2019\u00e0 2 conducteurs sans surco\u00fbt<\/li>\n\n\n\n<li>Si\u00e8ges B\u00e9b\u00e9 , rehausseurs sans surco\u00fbt<\/li>\n<\/ul>\n\n\n\n<p><\/p>\n","protected":false},"excerpt":{"rendered":"<p>Louer pas cher une voiture en Martinique en toute simplicit\u00e9 ! Passez par Autoloc pour la location de votre voiture pas ch\u00e8re en Martinique ! Profitez de cette fa\u00e7on des tarifs parmi les moins chers de location ind\u00e9pendantes partout sur l&rsquo;\u00eele de la Martinique. Autoloc vous permet de consulter les disponibilit\u00e9s , et de r\u00e9server [&hellip;]<\/p>\n","protected":false},"author":1,"featured_media":0,"parent":0,"menu_order":0,"comment_status":"closed","ping_status":"closed","template":"","meta":{"footnotes":""},"class_list":["post-77","page","type-page","status-publish","hentry"],"_links":{"self":[{"href":"https:\/\/autoloc-caraibes.com\/index.php\/wp-json\/wp\/v2\/pages\/77","targetHints":{"allow":["GET"]}}],"collection":[{"href":"https:\/\/autoloc-caraibes.com\/index.php\/wp-json\/wp\/v2\/pages"}],"about":[{"href":"https:\/\/autoloc-caraibes.com\/index.php\/wp-json\/wp\/v2\/types\/page"}],"author":[{"embeddable":true,"href":"https:\/\/autoloc-caraibes.com\/index.php\/wp-json\/wp\/v2\/users\/1"}],"replies":[{"embeddable":true,"href":"https:\/\/autoloc-caraibes.com\/index.php\/wp-json\/wp\/v2\/comments?post=77"}],"version-history":[{"count":9,"href":"https:\/\/autoloc-caraibes.com\/index.php\/wp-json\/wp\/v2\/pages\/77\/revisions"}],"predecessor-version":[{"id":136,"href":"https:\/\/autoloc-caraibes.com\/index.php\/wp-json\/wp\/v2\/pages\/77\/revisions\/136"}],"wp:attachment":[{"href":"https:\/\/autoloc-caraibes.com\/index.php\/wp-json\/wp\/v2\/media?parent=77"}],"curies":[{"name":"wp","href":"https:\/\/api.w.org\/{rel}","templated":true}]}}