{"id":10,"date":"2021-01-02T23:15:14","date_gmt":"2021-01-02T22:15:14","guid":{"rendered":"http:\/\/autoloc-caraibes.com\/?page_id=10"},"modified":"2024-11-02T19:35:35","modified_gmt":"2024-11-02T18:35:35","slug":"welcome-to-hotel-galaxy-theme","status":"publish","type":"page","link":"https:\/\/autoloc-caraibes.com\/","title":{"rendered":"Autoloc Agence Location de voiture en Martinique"},"content":{"rendered":"<p>Passez des vacances en toute tranquillit\u00e9 , r\u00e9servez votre voiture chez <a href=\"http:\/\/www.autoloc.mq\">AUTOLOC<\/a> , nous vous la livrons \u00e0 l&rsquo;A\u00e9roport a votre arriv\u00e9e , a la marina du Marin si vous arrivez en bateau , ou directement dans votre villa.<\/p>\n\n\n<h2 class=\"wp-block-heading\"><a href=\"http:\/\/www.autoloc.mq\">Louez votre voiture en Martinique<\/a><\/h2>\n\n\n\n<p>Avec <a href=\"http:\/\/www.autoloc.mq\">Autoloc<\/a> , pas de surprise, vous aurez la voiture que vous avez choisi et parmi les prix les plus bas du march\u00e9.<\/p>\n\n\n\n<pre class=\"wp-block-preformatted has-black-color has-white-background-color has-text-color has-background has-link-color wp-elements-467a6c243ddaed9e3abbcb5a20a9be56\"><br><strong>Pourquoi choisir Autoloc pour la location de votre v\u00e9hicule en Martinique ?<\/strong><br><br>La plupart des voyageurs commencent leur aventure en Martinique \u00e0 l\u2019a\u00e9roport Aim\u00e9 C\u00e9saire, situ\u00e9 \u00e0 environ 12 Km au sud de Fort de France. L\u2019a\u00e9roport international Aim\u00e9-C\u00e9saire est en g\u00e9n\u00e9ral l\u2019endroit id\u00e9al pour r\u00e9cup\u00e9rer une voiture de location lou\u00e9e avec Autoloc.<br>Vos vacances en Martinique sont plus simples avec Autoloc. Vous b\u00e9n\u00e9ficiez d\u2019une voiture \u00e9conomique et entretenue pour visiter l\u2019\u00cele de la Martinique en toute simplicit\u00e9 et vous rendre sur les plus belles plages cr\u00e9oles ainsi qu\u2019au jardin de balata.<br>Nos v\u00e9hicules sont n\u00e9goci\u00e9s au meilleur prix afin de vous \u00e9viter de mauvaises surprises sur votre facture. Si vous souhaitez louer un v\u00e9hicule disposant d\u2019un si\u00e8ge b\u00e9b\u00e9,d'un rehausseur , le service de location d\u2019automobiles Autoloc se charge de mettre le mat\u00e9riel ad\u00e9quat \u00e0 votre disposition.<br><\/pre>\n\n\n\n<p class=\"has-text-align-center\"><strong><a href=\"http:\/\/www.autoloc.mq\">RESERVEZ sur WWW.AUTOLOC.MQ<\/a><\/strong><br><\/p>\n\n\n\n<p><strong>Rendez-vous sur les nombreuses plages de la Martinique en voiture<\/strong><\/p>\n\n\n\n<p>Parce que l\u2019\u00eele antillaise regorge d\u2019espaces paradisiaques, vous visiterez certainement de nombreuses plages durant votre s\u00e9jour en Martinique. Aux alentours de Sainte-Anne et des Trois-\u00celets, vous trouverez de magnifiques plages accompagn\u00e9es de nombreux commerces. La plage des Salines et la plage de l&rsquo;Anse \u00e0 l&rsquo;\u00c2ne est \u00e9galement un endroit superbe pour passer un moment en amoureux ou se relaxer avec sa famille. Avec Autoloc, vous pouvez organiser un v\u00e9ritable road trip en Martinique. Contrairement aux autres agences de location, notre entreprise propose la location de voiture pas ch\u00e8re en \u00e9vitant les frais suppl\u00e9mentaires. Si vous \u00eates plusieurs, optez pour un SUV de type Dacia Duster, un 4&#215;4, une berline ou une voiture familiale comme un monospace ( jusque 7 Places ) qui vous permettra d\u2019\u00eatre plus \u00e0 l\u2019aise durant votre s\u00e9jour et d\u2019acc\u00e9der \u00e0 tous les lieux que vous d\u00e9sirez, m\u00eame les plus en retraits.<\/p>\n\n\n\n<p><strong>Quelles sont les conditions pour louer une voiture en Martinique ?<\/strong><\/p>\n\n\n\n<p>Autoloc vous propose la location de voiture en Martinique pour vos vacances. Afin de pouvoir b\u00e9n\u00e9ficier du service <a href=\"https:\/\/autoloc.mq\/\">Autoloc<\/a>, il est n\u00e9cessaire de poss\u00e9der un permis de conduire et d\u2019\u00eatre \u00e2g\u00e9 de 23 ans au minimum. Si vous souhaitez d\u00e9clarer plusieurs conducteurs, vous pouvez louer sans aucun surco\u00fbt votre voiture en ajoutant 2 personnes \u00e0 votre contrat de location. En r\u00e9servant votre v\u00e9hicule \u00e0 l\u2019avance, vous pouvez choisir la date et l\u2019heure de votre location ainsi que la dur\u00e9e de cette derni\u00e8re. Votre v\u00e9hicule de location sera mis \u00e0 votre disposition \u00e0 l\u2019a\u00e9roport international lors de votre arriv\u00e9e ( sans file d&rsquo;attente , sans navette ) ou sur le lieu de votre s\u00e9jour. Vous pourrez alors prendre plaisir \u00e0 visiter de nombreux lieux r\u00e9put\u00e9s en Martinique, tels que Sainte-Anne, Sainte Luce, Le Diamant, Le Carbet ou encore les Trois Ilets.<\/p>\n\n\n\n<p class=\"has-black-color has-white-background-color has-text-color has-background has-link-color wp-elements-114ea18edef23a9773cc359efdffe866\"><strong>Pour un voyage inoubliable en Martinique, faites confiance \u00e0 autoloc.mq<\/strong><\/p>\n\n\n\n<p>Pour un voyage inoubliable en Martinique, faites confiance \u00e0 <strong><a href=\"https:\/\/autoloc.mq\/\">Autoloc.mq<\/a><\/strong>. Avec un large choix de v\u00e9hicules adapt\u00e9s \u00e0 vos besoins, Autoloc.mq vous garantit une exp\u00e9rience de voyage confortable et sans soucis. Que vous souhaitiez explorer les plages paradisiaques, d\u00e9couvrir la richesse culturelle de l&rsquo;\u00eele ou partir \u00e0 l&rsquo;aventure dans la nature luxuriante, notre service de location de voitures vous offre la libert\u00e9 de voyager \u00e0 votre rythme. Optez pour la qualit\u00e9, la flexibilit\u00e9 et le service client exceptionnel d\u2019Autoloc.mq pour un s\u00e9jour en Martinique dont vous vous souviendrez longtemps.<\/p>\n\n\n\n<p class=\"has-small-font-size\">Bon PLAN &#8211; Code Promo &#8211; Agenda de la Martinique et plus encore &#8230;<\/p>\n\n\n\n<figure class=\"wp-block-image size-large\"><a href=\"https:\/\/www.martinique-tour.com\/\"><img loading=\"lazy\" decoding=\"async\" width=\"1024\" height=\"724\" src=\"http:\/\/autoloc-caraibes.com\/wp-content\/uploads\/2023\/10\/Logo-\u00a9Martinique-Tour-1024x724.jpg\" alt=\"\" class=\"wp-image-63\" srcset=\"https:\/\/autoloc-caraibes.com\/wp-content\/uploads\/2023\/10\/Logo-\u00a9Martinique-Tour-1024x724.jpg 1024w, https:\/\/autoloc-caraibes.com\/wp-content\/uploads\/2023\/10\/Logo-\u00a9Martinique-Tour-300x212.jpg 300w, https:\/\/autoloc-caraibes.com\/wp-content\/uploads\/2023\/10\/Logo-\u00a9Martinique-Tour-768x543.jpg 768w, https:\/\/autoloc-caraibes.com\/wp-content\/uploads\/2023\/10\/Logo-\u00a9Martinique-Tour-1536x1086.jpg 1536w, https:\/\/autoloc-caraibes.com\/wp-content\/uploads\/2023\/10\/Logo-\u00a9Martinique-Tour-1200x849.jpg 1200w, https:\/\/autoloc-caraibes.com\/wp-content\/uploads\/2023\/10\/Logo-\u00a9Martinique-Tour.jpg 1872w\" sizes=\"auto, (max-width: 1024px) 100vw, 1024px\" \/><\/a><\/figure>\n\n\n\n<p><\/p>\n\n\n\n<p><\/p>\n\n\n\n<figure class=\"wp-block-table is-style-regular\"><table><tbody><tr><td><img loading=\"lazy\" decoding=\"async\" width=\"150\" height=\"150\" class=\"wp-image-64\" style=\"width: 150px;\" src=\"http:\/\/autoloc-caraibes.com\/wp-content\/uploads\/2023\/10\/qrcode-HD-Martinique-Tour-scaled-e1696766954905.jpg\" alt=\"\"><\/td><td><a href=\"https:\/\/itunes.apple.com\/fr\/app\/martinique-tour\/id1343260343?mt=\" target=\"_blank\" rel=\"noreferrer noopener\"><img loading=\"lazy\" decoding=\"async\" width=\"150\" height=\"49\" class=\"wp-image-69\" style=\"width: 150px;\" src=\"http:\/\/autoloc-caraibes.com\/wp-content\/uploads\/2023\/10\/Sans-titre.png\" alt=\"\" srcset=\"https:\/\/autoloc-caraibes.com\/wp-content\/uploads\/2023\/10\/Sans-titre.png 391w, https:\/\/autoloc-caraibes.com\/wp-content\/uploads\/2023\/10\/Sans-titre-300x99.png 300w\" sizes=\"auto, (max-width: 150px) 100vw, 150px\" \/><\/a><\/td><td><a href=\"https:\/\/play.google.com\/store\/apps\/details?id=fr.mobitour.apps.id137&amp;hl=fr\" target=\"_blank\" rel=\"noreferrer noopener\"><img loading=\"lazy\" decoding=\"async\" width=\"150\" height=\"44\" class=\"wp-image-70\" style=\"width: 150px;\" src=\"http:\/\/autoloc-caraibes.com\/wp-content\/uploads\/2023\/10\/googleplay.png\" alt=\"\" srcset=\"https:\/\/autoloc-caraibes.com\/wp-content\/uploads\/2023\/10\/googleplay.png 412w, https:\/\/autoloc-caraibes.com\/wp-content\/uploads\/2023\/10\/googleplay-300x89.png 300w\" sizes=\"auto, (max-width: 150px) 100vw, 150px\" \/><\/a><\/td><\/tr><\/tbody><\/table><\/figure>\n\n\n\n<p><\/p>\n\n\n<p><!-- ..., location de voiture en martinque, voiture a louer en martinique , loueur voiture en martinique , loceric , autoloc.com , location voiture fort de france , location voiture pas cher , loueur pas cher en martinique , voiture a louer aeroport martinique , lokizy ,Assurance tous Risques. Livraison \u00e0 l'A\u00e9roport. Tarifs tr\u00e8s Comp\u00e9titifs. Accueil \u00e0 l\u2019A\u00e9roport martinique , location pas cher et de qualit\u00e9 , agence de location de voiture pas cher vous propose un service de grande qualit\u00e9 --><\/p>\n","protected":false},"excerpt":{"rendered":"<p>Passez des vacances en toute tranquillit\u00e9 , r\u00e9servez votre voiture chez AUTOLOC , nous vous la livrons \u00e0 l&rsquo;A\u00e9roport a votre arriv\u00e9e , a la marina du Marin si vous arrivez en bateau , ou directement dans votre villa. Louez votre voiture en Martinique Avec Autoloc , pas de surprise, vous aurez la voiture que [&hellip;]<\/p>\n","protected":false},"author":1,"featured_media":0,"parent":0,"menu_order":0,"comment_status":"closed","ping_status":"closed","template":"","meta":{"footnotes":""},"class_list":["post-10","page","type-page","status-publish","hentry"],"_links":{"self":[{"href":"https:\/\/autoloc-caraibes.com\/index.php\/wp-json\/wp\/v2\/pages\/10","targetHints":{"allow":["GET"]}}],"collection":[{"href":"https:\/\/autoloc-caraibes.com\/index.php\/wp-json\/wp\/v2\/pages"}],"about":[{"href":"https:\/\/autoloc-caraibes.com\/index.php\/wp-json\/wp\/v2\/types\/page"}],"author":[{"embeddable":true,"href":"https:\/\/autoloc-caraibes.com\/index.php\/wp-json\/wp\/v2\/users\/1"}],"replies":[{"embeddable":true,"href":"https:\/\/autoloc-caraibes.com\/index.php\/wp-json\/wp\/v2\/comments?post=10"}],"version-history":[{"count":20,"href":"https:\/\/autoloc-caraibes.com\/index.php\/wp-json\/wp\/v2\/pages\/10\/revisions"}],"predecessor-version":[{"id":131,"href":"https:\/\/autoloc-caraibes.com\/index.php\/wp-json\/wp\/v2\/pages\/10\/revisions\/131"}],"wp:attachment":[{"href":"https:\/\/autoloc-caraibes.com\/index.php\/wp-json\/wp\/v2\/media?parent=10"}],"curies":[{"name":"wp","href":"https:\/\/api.w.org\/{rel}","templated":true}]}}